{"id":39,"date":"2018-01-31T11:13:17","date_gmt":"2018-01-31T11:13:17","guid":{"rendered":"https:\/\/wplive.site\/wp\/md\/optima\/?page_id=39"},"modified":"2025-03-11T18:36:25","modified_gmt":"2025-03-11T22:36:25","slug":"home-i","status":"publish","type":"page","link":"https:\/\/centroasistenciapsicologica.com\/","title":{"rendered":"Inicio"},"content":{"rendered":"<div class=\"wpb-content-wrapper\">[vc_row full_width=\u00bbstretch_row\u00bb css=\u00bb.vc_custom_1522412222679{margin-top: -60px !important;margin-bottom: 0px !important;background-image: url(http:\/\/centroasistenciapsicologica.com\/wp-content\/uploads\/2022\/11\/FOTO-02.jpg) !important;background-position: center !important;background-repeat: no-repeat !important;background-size: cover !important;}\u00bb][vc_column css=\u00bb.vc_custom_1513937409062{margin-top: 0px !important;margin-bottom: 0px !important;padding-top: 0px !important;padding-bottom: 0px !important;}\u00bb][gt3_custom_text css_animation=\u00bbfadeInUp\u00bb text_color=\u00bb#feffff\u00bb font_size=\u00bb68&#8243; line_height=\u00bb117&#8243; responsive_font=\u00bbtrue\u00bb font_size_tablet=\u00bb40&#8243; font_size_mobile=\u00bb30&#8243;]Tu bienestar es nuestro \u00e9xito[\/gt3_custom_text][gt3_spacing height=\u00bb11px\u00bb][gt3_spacing height=\u00bb170px\u00bb responsive_es=\u00bbtrue\u00bb height_mobile=\u00bb85&#8243;][gt3_spacing height=\u00bb34px\u00bb][gt3_button button_title=\u00bb\u00a1HAZ TU CITA!\u00bb button_size=\u00bblarge\u00bb btn_border_radius=\u00bb10px\u00bb btn_border_style=\u00bbdouble\u00bb css_animation=\u00bbfadeInUp\u00bb use_theme_button=\u00bb\u00bb btn_bg_color=\u00bb#4eaac8&#8243; btn_text_color=\u00bb#ffffff\u00bb btn_bg_color_hover=\u00bb#3d3272&#8243; btn_text_color_hover=\u00bb#ffffff\u00bb btn_icon_color=\u00bb#ffffff\u00bb btn_icon_color_hover=\u00bb#ffffff\u00bb btn_border_color=\u00bb#4eaac8&#8243; btn_border_color_hover=\u00bb#4eaac8&#8243; css=\u00bb.vc_custom_1669308236151{margin-right: 20px !important;}\u00bb link=\u00bburl:https%3A%2F%2Fcentroasistenciapsicologica.com%2Findex.php%2Fsolicitud-de-consulta%2F|target:_blank\u00bb][\/vc_column][\/vc_row][vc_row full_width=\u00bbstretch_row_content_no_spaces\u00bb equal_height=\u00bbyes\u00bb content_placement=\u00bbtop\u00bb css=\u00bb.vc_custom_1513939060418{margin-bottom: 95px !important;}\u00bb][vc_column css_animation=\u00bbfadeInLeft\u00bb width=\u00bb1\/3&#8243; css=\u00bb.vc_custom_1669345593098{margin-top: 0px !important;margin-bottom: 0px !important;padding-top: 55px !important;padding-right: 18% !important;padding-bottom: 65px !important;padding-left: 12% !important;background-color: #3378ad !important;}\u00bb][gt3_custom_text text_color=\u00bb#ffffff\u00bb font_size=\u00bb42&#8243; line_height=\u00bb120&#8243; responsive_font=\u00bbtrue\u00bb font_size_mobile=\u00bb36&#8243;]<strong>Visi\u00f3n<\/strong>[\/gt3_custom_text][gt3_spacing height=\u00bb15px\u00bb][gt3_custom_text text_color=\u00bb#feffff\u00bb font_size=\u00bb16&#8243; line_height=\u00bb150&#8243;]Ser lideres en la industria de salud mental, ofreciendo accesos f\u00e1ciles y diversificados en diferentes ubicaciones de santo domingo, al igual que la implementaci\u00f3n de servicios online alrededor del pa\u00eds y comunidades latinasen los E.E.U.U.[\/gt3_custom_text][\/vc_column][vc_column css_animation=\u00bbfadeInUp\u00bb width=\u00bb1\/3&#8243; css=\u00bb.vc_custom_1513940984676{margin-top: 0px !important;margin-bottom: 0px !important;padding-top: 55px !important;padding-right: 18% !important;padding-bottom: 65px !important;padding-left: 12% !important;background-color: #4eaac8 !important;}\u00bb][gt3_custom_text text_color=\u00bb#ffffff\u00bb font_size=\u00bb42&#8243; line_height=\u00bb120&#8243; responsive_font=\u00bbtrue\u00bb font_size_mobile=\u00bb36&#8243;]<strong>Misi\u00f3n<\/strong>[\/gt3_custom_text][gt3_spacing height=\u00bb15px\u00bb][gt3_custom_text text_color=\u00bb#feffff\u00bb font_size=\u00bb16&#8243; line_height=\u00bb150&#8243;]Somos una empresa enfocada en fortalecer los valores individuales, familiares y sociales, brindando herramientas aplicables en los diferentes procesos propios a cada etapa de la vida, a trav\u00e9s de un equipo profesional altamente capacitado para brindar resultados efectivos apoy\u00e1ndonos en el seguimiento, uso de medios tecnol\u00f3gicos y confidencialidad de cada caso.[\/gt3_custom_text][gt3_spacing height=\u00bb13px\u00bb][\/vc_column][vc_column css_animation=\u00bbfadeInRight\u00bb width=\u00bb1\/3&#8243; css=\u00bb.vc_custom_1513940990165{margin-top: 0px !important;margin-bottom: 0px !important;padding-top: 55px !important;padding-right: 18% !important;padding-bottom: 65px !important;padding-left: 12% !important;background-color: #f6f8f9 !important;}\u00bb][gt3_custom_text text_color=\u00bb#42474c\u00bb font_size=\u00bb42&#8243; line_height=\u00bb120&#8243; responsive_font=\u00bbtrue\u00bb font_size_mobile=\u00bb36&#8243;]<strong>Valores<\/strong>[\/gt3_custom_text][gt3_spacing height=\u00bb15px\u00bb][gt3_custom_text text_color=\u00bb#42474c\u00bb font_size=\u00bb16&#8243; line_height=\u00bb150&#8243;]Compromiso<\/p>\n<p>Honestidad<\/p>\n<p>\u00c9tica Profesional<\/p>\n<p>Discreci\u00f3n<br \/>\nPuntualidad[\/gt3_custom_text][gt3_spacing height=\u00bb13px\u00bb][\/vc_column][\/vc_row][vc_row][vc_column width=\u00bb1\/2&#8243;][vc_text_separator title=\u00bbTERAPIAS &amp; EVALUACIONES\u00bb color=\u00bbblack\u00bb style=\u00bbdouble\u00bb][vc_empty_space][gt3_custom_text text_color=\u00bb#5c656d\u00bb font_size=\u00bb16&#8243;]\n<ul>\n<li><a href=\"https:\/\/centroasistenciapsicologica.com\/index.php\/portfolio\/individual-theraphy\/\">Terapia individual<\/a><\/li>\n<li>\n<div><a href=\"https:\/\/centroasistenciapsicologica.com\/index.php\/portfolio\/be-strong-be-unique\/\">Terapia Familiar<\/a><\/div>\n<\/li>\n<li>\n<div><a href=\"https:\/\/centroasistenciapsicologica.com\/index.php\/portfolio\/terapia-de-pareja-1ra\/\">Terapia de Pareja, 1ra Vez<\/a><\/div>\n<\/li>\n<li>\n<div><a href=\"https:\/\/centroasistenciapsicologica.com\/index.php\/portfolio\/terapia-de-pareja-1ra\/\">Terapia de Pareja, Seguimiento<\/a><\/div>\n<\/li>\n<li>\n<div><a href=\"https:\/\/centroasistenciapsicologica.com\/index.php\/portfolio\/children-therapy\/\">Terapia Adolescentes (Infanto-Juvenil)<\/a><\/div>\n<\/li>\n<li>\n<div><a href=\"https:\/\/centroasistenciapsicologica.com\/index.php\/portfolio\/terapia-conductual\/\">Terapia Conductual<\/a><\/div>\n<\/li>\n<li>\n<div><a href=\"https:\/\/centroasistenciapsicologica.com\/index.php\/portfolio\/prevent-divorce\/\">Terapia de Aprendizaje<\/a><\/div>\n<\/li>\n<li>\n<div><a href=\"https:\/\/centroasistenciapsicologica.com\/index.php\/portfolio\/terapia-del-lenguaje\/\">Evaluaci\u00f3n del lenguaje, 1ra vez<\/a><\/div>\n<\/li>\n<li>\n<div><a href=\"https:\/\/centroasistenciapsicologica.com\/index.php\/portfolio\/terapia-del-lenguaje\/\">Terapia del lenguaje<\/a><\/div>\n<\/li>\n<li>\n<div><a href=\"https:\/\/centroasistenciapsicologica.com\/index.php\/portfolio\/individual-coaching\/\">Consulta Psiqui\u00e1trica<\/a><\/div>\n<\/li>\n<li><a href=\"https:\/\/centroasistenciapsicologica.com\/index.php\/portfolio\/evaluaciones\/\">Evaluaciones Psicol\u00f3gicas<\/a><\/li>\n<\/ul>\n[\/gt3_custom_text][\/vc_column][vc_column width=\u00bb1\/2&#8243;][vc_text_separator title=\u00bbSERVICIOS EMPRESARIALES\u00bb color=\u00bbblack\u00bb style=\u00bbdouble\u00bb][vc_empty_space][gt3_custom_text text_color=\u00bb#5c656d\u00bb font_size=\u00bb16&#8243;]\n<ul>\n<li><a href=\"#\">Talleres customizados<\/a><\/li>\n<li>\n<div><a href=\"#\">Conferencias y charlas<\/a><\/div>\n<\/li>\n<li>\n<div><a href=\"#\">Evaluaciones a colaboradores<\/a><\/div>\n<\/li>\n<li>\n<div><a href=\"#\">Evaluaci\u00f3n de desempe\u00f1o 360<\/a><\/div>\n<\/li>\n<li>\n<div><a href=\"#\">Formaci\u00f3n y capacitaci\u00f3n<\/a><\/div>\n<\/li>\n<\/ul>\n[\/gt3_custom_text][\/vc_column][\/vc_row][vc_row][vc_column][vc_empty_space][gt3_custom_text text_color=\u00bb#5c656d\u00bb font_size=\u00bb16&#8243;]\n<h2><strong>MODALIDAD PRESENCIAL Y VIRTUAL<\/strong><\/h2>\n[\/gt3_custom_text][vc_empty_space][\/vc_column][\/vc_row][vc_row][vc_column width=\u00bb1\/2&#8243;][vc_single_image image=\u00bb1529&#8243; img_size=\u00bb600X600&#8243; onclick=\u00bbcustom_link\u00bb link=\u00bbhttps:\/\/centroasistenciapsicologica.com\/index.php\/solicitud-de-consulta\/\u00bb][\/vc_column][vc_column width=\u00bb1\/2&#8243;][vc_single_image image=\u00bb1530&#8243; img_size=\u00bb650X650&#8243; onclick=\u00bbcustom_link\u00bb link=\u00bbhttps:\/\/centroasistenciapsicologica.com\/index.php\/solicitud-de-consulta\/\u00bb][\/vc_column][\/vc_row][vc_row][vc_column][vc_message]<strong>Pol\u00edtica de Privacidad y Protecci\u00f3n de Datos en CASP<\/strong><\/p>\n<p>En el <strong>Centro de Apoyo y Asistencia Psicol\u00f3gica (CASP)<\/strong>, protegemos la privacidad y seguridad de nuestros usuarios. Recopilamos datos personales y cl\u00ednicos solo con consentimiento para gestionar citas, mejorar servicios y cumplir con regulaciones. Implementamos medidas de seguridad para evitar accesos no autorizados y no compartimos informaci\u00f3n con terceros, salvo por obligaci\u00f3n legal o consentimiento expreso. Los usuarios pueden acceder, modificar o eliminar sus datos en cualquier momento. Para m\u00e1s informaci\u00f3n o ejercer sus derechos, pueden contactarnos.<\/p>\n[\/vc_message][\/vc_column][\/vc_row]\n<\/div>","protected":false},"excerpt":{"rendered":"<p>[vc_row full_width=\u00bbstretch_row\u00bb css=\u00bb.vc_custom_1522412222679{margin-top: -60px !important;margin-bottom: 0px !important;background-image: url(http:\/\/centroasistenciapsicologica.com\/wp-content\/uploads\/2022\/11\/FOTO-02.jpg) !important;background-position: center !important;background-repeat: no-repeat !important;background-size: cover !important;}\u00bb][vc_column css=\u00bb.vc_custom_1513937409062{margin-top: 0px !important;margin-bottom: 0px !important;padding-top: 0px !important;padding-bottom: 0px !important;}\u00bb][gt3_custom_text css_animation=\u00bbfadeInUp\u00bb text_color=\u00bb#feffff\u00bb font_size=\u00bb68&#8243; line_height=\u00bb117&#8243; responsive_font=\u00bbtrue\u00bb font_size_tablet=\u00bb40&#8243; font_size_mobile=\u00bb30&#8243;]Tu bienestar es nuestro \u00e9xito[\/gt3_custom_text][gt3_spacing height=\u00bb11px\u00bb][gt3_spacing height=\u00bb170px\u00bb responsive_es=\u00bbtrue\u00bb height_mobile=\u00bb85&#8243;][gt3_spacing height=\u00bb34px\u00bb][gt3_button button_title=\u00bb\u00a1HAZ TU CITA!\u00bb button_size=\u00bblarge\u00bb btn_border_radius=\u00bb10px\u00bb btn_border_style=\u00bbdouble\u00bb css_animation=\u00bbfadeInUp\u00bb use_theme_button=\u00bb\u00bb btn_bg_color=\u00bb#4eaac8&#8243; btn_text_color=\u00bb#ffffff\u00bb btn_bg_color_hover=\u00bb#3d3272&#8243; btn_text_color_hover=\u00bb#ffffff\u00bb btn_icon_color=\u00bb#ffffff\u00bb btn_icon_color_hover=\u00bb#ffffff\u00bb btn_border_color=\u00bb#4eaac8&#8243; [&hellip;]<\/p>\n","protected":false},"author":1,"featured_media":0,"parent":0,"menu_order":0,"comment_status":"closed","ping_status":"closed","template":"full-width.php","meta":{"om_disable_all_campaigns":false,"_monsterinsights_skip_tracking":false,"_monsterinsights_sitenote_active":false,"_monsterinsights_sitenote_note":"","_monsterinsights_sitenote_category":0,"footnotes":""},"class_list":["post-39","page","type-page","status-publish","hentry"],"_links":{"self":[{"href":"https:\/\/centroasistenciapsicologica.com\/index.php\/wp-json\/wp\/v2\/pages\/39","targetHints":{"allow":["GET"]}}],"collection":[{"href":"https:\/\/centroasistenciapsicologica.com\/index.php\/wp-json\/wp\/v2\/pages"}],"about":[{"href":"https:\/\/centroasistenciapsicologica.com\/index.php\/wp-json\/wp\/v2\/types\/page"}],"author":[{"embeddable":true,"href":"https:\/\/centroasistenciapsicologica.com\/index.php\/wp-json\/wp\/v2\/users\/1"}],"replies":[{"embeddable":true,"href":"https:\/\/centroasistenciapsicologica.com\/index.php\/wp-json\/wp\/v2\/comments?post=39"}],"version-history":[{"count":57,"href":"https:\/\/centroasistenciapsicologica.com\/index.php\/wp-json\/wp\/v2\/pages\/39\/revisions"}],"predecessor-version":[{"id":1531,"href":"https:\/\/centroasistenciapsicologica.com\/index.php\/wp-json\/wp\/v2\/pages\/39\/revisions\/1531"}],"wp:attachment":[{"href":"https:\/\/centroasistenciapsicologica.com\/index.php\/wp-json\/wp\/v2\/media?parent=39"}],"curies":[{"name":"wp","href":"https:\/\/api.w.org\/{rel}","templated":true}]}}