{"id":1055,"date":"2022-11-22T19:03:21","date_gmt":"2022-11-22T23:03:21","guid":{"rendered":"https:\/\/centroasistenciapsicologica.com\/?post_type=product&#038;p=1055"},"modified":"2026-03-10T15:32:58","modified_gmt":"2026-03-10T19:32:58","slug":"terapia-de-pareja-primera-consulta","status":"publish","type":"product","link":"https:\/\/centroasistenciapsicologica.com\/index.php\/product\/terapia-de-pareja-primera-consulta\/","title":{"rendered":"TERAPIA INFANTO-JUVELIN"},"content":{"rendered":"<p><span>La terapia de pareja es un tipo de psicoterapia donde el especialista junto a la pareja abordan tanto las dificultades presentadas dentro de la relaci\u00f3n como tambi\u00e9n aquellos aspectos que se podr\u00edan mejorar, dot\u00e1ndolos de herramientas aplicables de manera cotidiana y en el abordaje de los conflictos presentados.<\/span><\/p>\n<p><span>Principales razones en las que se deber\u00eda asistir a terapia de pareja:<\/span><\/p>\n<ul>\n<li><span>-Infidelidad<\/span><\/li>\n<li><span>-Comunicaci\u00f3n poco efectiva<\/span><\/li>\n<li><span>-Celos<\/span><\/li>\n<li><span>-Desconfianza<\/span><\/li>\n<li><span>-Relaci\u00f3n de dependencia<\/span><\/li>\n<li><span>-Dificultad para la crianza de los hijos<\/span><\/li>\n<li><span>-Violencia psicol\u00f3gica, verbal,sexual o f\u00edsica<\/span><\/li>\n<li><span>-Actitudes da\u00f1inas<\/span><\/li>\n<li><span>-Entre otras&#8230;<\/span><\/li>\n<\/ul>\n<p>&nbsp;<\/p>\n","protected":false},"excerpt":{"rendered":"<p>La terapia de pareja es un tipo de psicoterapia donde el especialista junto a la pareja abordan tanto las dificultades presentadas dentro de la relaci\u00f3n como tambi\u00e9n aquellos aspectos que se podr\u00edan mejorar, dot\u00e1ndolos de herramientas aplicables de manera cotidiana y en el abordaje de los conflictos presentados. Principales razones en las que se deber\u00eda [&hellip;]<\/p>\n","protected":false},"featured_media":1049,"comment_status":"closed","ping_status":"closed","template":"","meta":{"om_disable_all_campaigns":false,"_monsterinsights_skip_tracking":false,"_monsterinsights_sitenote_active":false,"_monsterinsights_sitenote_note":"","_monsterinsights_sitenote_category":0},"product_brand":[],"product_cat":[63],"product_tag":[],"class_list":{"0":"post-1055","1":"product","2":"type-product","3":"status-publish","4":"has-post-thumbnail","6":"product_cat-terapias","8":"first","9":"instock","10":"virtual","11":"purchasable","12":"product-type-simple"},"_links":{"self":[{"href":"https:\/\/centroasistenciapsicologica.com\/index.php\/wp-json\/wp\/v2\/product\/1055","targetHints":{"allow":["GET"]}}],"collection":[{"href":"https:\/\/centroasistenciapsicologica.com\/index.php\/wp-json\/wp\/v2\/product"}],"about":[{"href":"https:\/\/centroasistenciapsicologica.com\/index.php\/wp-json\/wp\/v2\/types\/product"}],"replies":[{"embeddable":true,"href":"https:\/\/centroasistenciapsicologica.com\/index.php\/wp-json\/wp\/v2\/comments?post=1055"}],"wp:featuredmedia":[{"embeddable":true,"href":"https:\/\/centroasistenciapsicologica.com\/index.php\/wp-json\/wp\/v2\/media\/1049"}],"wp:attachment":[{"href":"https:\/\/centroasistenciapsicologica.com\/index.php\/wp-json\/wp\/v2\/media?parent=1055"}],"wp:term":[{"taxonomy":"product_brand","embeddable":true,"href":"https:\/\/centroasistenciapsicologica.com\/index.php\/wp-json\/wp\/v2\/product_brand?post=1055"},{"taxonomy":"product_cat","embeddable":true,"href":"https:\/\/centroasistenciapsicologica.com\/index.php\/wp-json\/wp\/v2\/product_cat?post=1055"},{"taxonomy":"product_tag","embeddable":true,"href":"https:\/\/centroasistenciapsicologica.com\/index.php\/wp-json\/wp\/v2\/product_tag?post=1055"}],"curies":[{"name":"wp","href":"https:\/\/api.w.org\/{rel}","templated":true}]}}