{"id":1064,"date":"2022-11-22T19:12:30","date_gmt":"2022-11-22T23:12:30","guid":{"rendered":"https:\/\/centroasistenciapsicologica.com\/?post_type=product&#038;p=1064"},"modified":"2023-07-27T15:54:48","modified_gmt":"2023-07-27T19:54:48","slug":"terapia-del-lenguaje","status":"publish","type":"product","link":"https:\/\/centroasistenciapsicologica.com\/index.php\/product\/terapia-del-lenguaje\/","title":{"rendered":"Terapia del lenguaje"},"content":{"rendered":"<p><span>Es la especialidad que se encarga de la evaluaci\u00f3n, diagn\u00f3stico y tratamiento de las alteraciones en voz, audici\u00f3n,habla y los aspectos de la motricidad oral que afectan durante el desarrollo del Ni\u00f1o o ni\u00f1a.<\/span><\/p>\n<div class=\"wpb_wrapper\">\n<p><span>Busca asistencia cuando El Ni\u00f1o o ni\u00f1a presente:<\/span><\/p>\n<\/div>\n<div dir=\"auto\">\n<div dir=\"auto\">\n<ul>\n<li>-Trastornos de articulaci\u00f3n y reproducci\u00f3n de sonidos: dislalia, disglosia, disartria.<\/li>\n<li>-Trastornos en la fluidez del habla: tartamudez.<\/li>\n<li>-Trastornos de la voz: disfon\u00edas.<\/li>\n<li>-Trastornos de la alimentaci\u00f3n: alteraciones de la degluci\u00f3n, disfagia.<\/li>\n<li>-Alteraciones en la lectura y la escritura: dislexia, disgraf\u00eda, disortograf\u00eda\u2026.<\/li>\n<li>-Alteraciones en la comprensi\u00f3n y\/o expresi\u00f3n del lenguaje: Retraso del lenguaje, trastorno del lenguaje, trastornos neurodegenerativos, demencias\u2026.<\/li>\n<li>-Problemas del lenguaje pragm\u00e1tico: dificultad para elegir el lenguaje socialmente adecuado.<\/li>\n<\/ul>\n<\/div>\n<\/div>\n","protected":false},"excerpt":{"rendered":"<p>Es la especialidad que se encarga de la evaluaci\u00f3n, diagn\u00f3stico y tratamiento de las alteraciones en voz, audici\u00f3n,habla y los aspectos de la motricidad oral que afectan durante el desarrollo del Ni\u00f1o o ni\u00f1a. Busca asistencia cuando El Ni\u00f1o o ni\u00f1a presente: -Trastornos de articulaci\u00f3n y reproducci\u00f3n de sonidos: dislalia, disglosia, disartria. -Trastornos en la [&hellip;]<\/p>\n","protected":false},"featured_media":1050,"comment_status":"closed","ping_status":"closed","template":"","meta":{"om_disable_all_campaigns":false,"_monsterinsights_skip_tracking":false,"_monsterinsights_sitenote_active":false,"_monsterinsights_sitenote_note":"","_monsterinsights_sitenote_category":0},"product_brand":[],"product_cat":[63],"product_tag":[],"class_list":{"0":"post-1064","1":"product","2":"type-product","3":"status-publish","4":"has-post-thumbnail","6":"product_cat-terapias","8":"first","9":"instock","10":"virtual","11":"purchasable","12":"product-type-simple"},"_links":{"self":[{"href":"https:\/\/centroasistenciapsicologica.com\/index.php\/wp-json\/wp\/v2\/product\/1064","targetHints":{"allow":["GET"]}}],"collection":[{"href":"https:\/\/centroasistenciapsicologica.com\/index.php\/wp-json\/wp\/v2\/product"}],"about":[{"href":"https:\/\/centroasistenciapsicologica.com\/index.php\/wp-json\/wp\/v2\/types\/product"}],"replies":[{"embeddable":true,"href":"https:\/\/centroasistenciapsicologica.com\/index.php\/wp-json\/wp\/v2\/comments?post=1064"}],"wp:featuredmedia":[{"embeddable":true,"href":"https:\/\/centroasistenciapsicologica.com\/index.php\/wp-json\/wp\/v2\/media\/1050"}],"wp:attachment":[{"href":"https:\/\/centroasistenciapsicologica.com\/index.php\/wp-json\/wp\/v2\/media?parent=1064"}],"wp:term":[{"taxonomy":"product_brand","embeddable":true,"href":"https:\/\/centroasistenciapsicologica.com\/index.php\/wp-json\/wp\/v2\/product_brand?post=1064"},{"taxonomy":"product_cat","embeddable":true,"href":"https:\/\/centroasistenciapsicologica.com\/index.php\/wp-json\/wp\/v2\/product_cat?post=1064"},{"taxonomy":"product_tag","embeddable":true,"href":"https:\/\/centroasistenciapsicologica.com\/index.php\/wp-json\/wp\/v2\/product_tag?post=1064"}],"curies":[{"name":"wp","href":"https:\/\/api.w.org\/{rel}","templated":true}]}}