{"id":1067,"date":"2022-11-22T19:15:18","date_gmt":"2022-11-22T23:15:18","guid":{"rendered":"https:\/\/centroasistenciapsicologica.com\/?post_type=product&#038;p=1067"},"modified":"2026-04-07T17:06:24","modified_gmt":"2026-04-07T21:06:24","slug":"terapia-conductual","status":"publish","type":"product","link":"https:\/\/centroasistenciapsicologica.com\/index.php\/product\/terapia-conductual\/","title":{"rendered":"Terapia 2026"},"content":{"rendered":"<p><span>La terapia conductual\u00a0<\/span><b>es un tratamiento eficaz para tratar el trastorno por d\u00e9ficit de atenci\u00f3n e hiperactividad (TDAH), que puede mejorar el comportamiento, el autocontrol y la autoestima del ni\u00f1o<\/b><span>. La terapia conductual es m\u00e1s eficaz en los ni\u00f1os peque\u00f1os cuando los padres la proporcionan.<\/span><\/p>\n<p><span>Principales razones en las que se deber\u00eda asistir a terapia de conducta<\/span><\/p>\n<ul>\n<li>-Hiperactividad<\/li>\n<li>-Reacciones agresivas<\/li>\n<li>-Rebeld\u00eda excesiva<\/li>\n<li>-Problemas para conciliar el sue\u00f1o<\/li>\n<li>-Pesadillas frecuentes o terrores nocturnos<\/li>\n<li>-Miedo intenso<\/li>\n<li>-Comportamientos extra\u00f1os<\/li>\n<li>-Comportamiento regresivo (el ni\u00f1o tiene conductas de edades anteriores)<\/li>\n<li>-Se hace pis en la cama a edades avanzadas<\/li>\n<li>-Conductas repetitivas y obsesivas<\/li>\n<\/ul>\n","protected":false},"excerpt":{"rendered":"<p>La terapia conductual\u00a0es un tratamiento eficaz para tratar el trastorno por d\u00e9ficit de atenci\u00f3n e hiperactividad (TDAH), que puede mejorar el comportamiento, el autocontrol y la autoestima del ni\u00f1o. La terapia conductual es m\u00e1s eficaz en los ni\u00f1os peque\u00f1os cuando los padres la proporcionan. Principales razones en las que se deber\u00eda asistir a terapia de [&hellip;]<\/p>\n","protected":false},"featured_media":1068,"comment_status":"closed","ping_status":"closed","template":"","meta":{"om_disable_all_campaigns":false,"_monsterinsights_skip_tracking":false,"_monsterinsights_sitenote_active":false,"_monsterinsights_sitenote_note":"","_monsterinsights_sitenote_category":0},"product_brand":[],"product_cat":[63],"product_tag":[],"class_list":{"0":"post-1067","1":"product","2":"type-product","3":"status-publish","4":"has-post-thumbnail","6":"product_cat-terapias","8":"first","9":"instock","10":"virtual","11":"purchasable","12":"product-type-simple"},"_links":{"self":[{"href":"https:\/\/centroasistenciapsicologica.com\/index.php\/wp-json\/wp\/v2\/product\/1067","targetHints":{"allow":["GET"]}}],"collection":[{"href":"https:\/\/centroasistenciapsicologica.com\/index.php\/wp-json\/wp\/v2\/product"}],"about":[{"href":"https:\/\/centroasistenciapsicologica.com\/index.php\/wp-json\/wp\/v2\/types\/product"}],"replies":[{"embeddable":true,"href":"https:\/\/centroasistenciapsicologica.com\/index.php\/wp-json\/wp\/v2\/comments?post=1067"}],"wp:featuredmedia":[{"embeddable":true,"href":"https:\/\/centroasistenciapsicologica.com\/index.php\/wp-json\/wp\/v2\/media\/1068"}],"wp:attachment":[{"href":"https:\/\/centroasistenciapsicologica.com\/index.php\/wp-json\/wp\/v2\/media?parent=1067"}],"wp:term":[{"taxonomy":"product_brand","embeddable":true,"href":"https:\/\/centroasistenciapsicologica.com\/index.php\/wp-json\/wp\/v2\/product_brand?post=1067"},{"taxonomy":"product_cat","embeddable":true,"href":"https:\/\/centroasistenciapsicologica.com\/index.php\/wp-json\/wp\/v2\/product_cat?post=1067"},{"taxonomy":"product_tag","embeddable":true,"href":"https:\/\/centroasistenciapsicologica.com\/index.php\/wp-json\/wp\/v2\/product_tag?post=1067"}],"curies":[{"name":"wp","href":"https:\/\/api.w.org\/{rel}","templated":true}]}}