{"id":1182,"date":"2022-11-23T23:37:03","date_gmt":"2022-11-24T03:37:03","guid":{"rendered":"https:\/\/centroasistenciapsicologica.com\/?post_type=product&#038;p=1182"},"modified":"2022-11-24T21:17:41","modified_gmt":"2022-11-25T01:17:41","slug":"terapia-de-pareja-seguimiento","status":"publish","type":"product","link":"https:\/\/centroasistenciapsicologica.com\/index.php\/product\/terapia-de-pareja-seguimiento\/","title":{"rendered":"Terapia de pareja (seguimiento)"},"content":{"rendered":"<p><span>La terapia de pareja es un tipo de psicoterapia donde el especialista junto a la pareja abordan tanto las dificultades presentadas dentro de la relaci\u00f3n como tambi\u00e9n aquellos aspectos que se podr\u00edan mejorar, dot\u00e1ndolos de herramientas aplicables de manera cotidiana y en el abordaje de los conflictos presentados.<\/span><\/p>\n<p><span>Principales razones en las que se deber\u00eda asistir a terapia de pareja:<\/span><\/p>\n<p><span>-Infidelidad<\/span><br \/>\n<span>-Comunicaci\u00f3n poco efectiva<\/span><br \/>\n<span>-Celos<\/span><br \/>\n<span>-Desconfianza<\/span><br \/>\n<span>-Relaci\u00f3n de dependencia<\/span><br \/>\n<span>-Dificultad para la crianza de los hijos<\/span><br \/>\n<span>-Violencia psicol\u00f3gica, verbal,sexual o f\u00edsica<\/span><br \/>\n<span>-Actitudes da\u00f1inas<\/span><br \/>\n<span>-Entre otras<\/span><\/p>\n","protected":false},"excerpt":{"rendered":"<p>La terapia de pareja es un tipo de psicoterapia donde el especialista junto a la pareja abordan tanto las dificultades presentadas dentro de la relaci\u00f3n como tambi\u00e9n aquellos aspectos que se podr\u00edan mejorar, dot\u00e1ndolos de herramientas aplicables de manera cotidiana y en el abordaje de los conflictos presentados. Principales razones en las que se deber\u00eda [&hellip;]<\/p>\n","protected":false},"featured_media":1049,"comment_status":"closed","ping_status":"closed","template":"","meta":{"om_disable_all_campaigns":false,"_monsterinsights_skip_tracking":false,"_monsterinsights_sitenote_active":false,"_monsterinsights_sitenote_note":"","_monsterinsights_sitenote_category":0},"product_brand":[],"product_cat":[63],"product_tag":[],"class_list":{"0":"post-1182","1":"product","2":"type-product","3":"status-publish","4":"has-post-thumbnail","6":"product_cat-terapias","8":"first","9":"instock","10":"virtual","11":"purchasable","12":"product-type-simple"},"_links":{"self":[{"href":"https:\/\/centroasistenciapsicologica.com\/index.php\/wp-json\/wp\/v2\/product\/1182","targetHints":{"allow":["GET"]}}],"collection":[{"href":"https:\/\/centroasistenciapsicologica.com\/index.php\/wp-json\/wp\/v2\/product"}],"about":[{"href":"https:\/\/centroasistenciapsicologica.com\/index.php\/wp-json\/wp\/v2\/types\/product"}],"replies":[{"embeddable":true,"href":"https:\/\/centroasistenciapsicologica.com\/index.php\/wp-json\/wp\/v2\/comments?post=1182"}],"wp:featuredmedia":[{"embeddable":true,"href":"https:\/\/centroasistenciapsicologica.com\/index.php\/wp-json\/wp\/v2\/media\/1049"}],"wp:attachment":[{"href":"https:\/\/centroasistenciapsicologica.com\/index.php\/wp-json\/wp\/v2\/media?parent=1182"}],"wp:term":[{"taxonomy":"product_brand","embeddable":true,"href":"https:\/\/centroasistenciapsicologica.com\/index.php\/wp-json\/wp\/v2\/product_brand?post=1182"},{"taxonomy":"product_cat","embeddable":true,"href":"https:\/\/centroasistenciapsicologica.com\/index.php\/wp-json\/wp\/v2\/product_cat?post=1182"},{"taxonomy":"product_tag","embeddable":true,"href":"https:\/\/centroasistenciapsicologica.com\/index.php\/wp-json\/wp\/v2\/product_tag?post=1182"}],"curies":[{"name":"wp","href":"https:\/\/api.w.org\/{rel}","templated":true}]}}